{"id":88,"date":"2021-06-24T14:00:01","date_gmt":"2021-06-24T12:00:01","guid":{"rendered":"https:\/\/awakenedheartyoga.de\/?page_id=88"},"modified":"2021-06-24T14:00:01","modified_gmt":"2021-06-24T12:00:01","slug":"einzelstunden","status":"publish","type":"page","link":"https:\/\/awakenedheartyoga.de\/?page_id=88","title":{"rendered":"Einzelstunden"},"content":{"rendered":"\n<p>M\u00f6chtest du deine Yogapraxis vertiefen und eine ganz individuell auf dich abgestimmte Yogastunde genie\u00dfen? <br>Dann ist eine Einzelstunde genau das Richtige f\u00fcr dich!<br>Gemeinsam erarbeiten wir in einem kurzen Vorgespr\u00e4ch was du erreichen m\u00f6chtest, was dir wichtig ist und ob du vielleicht bestimmte Beschwerden oder Bereiche die ein bisschen Liebe brauchen hast. <br>Ich bereite dann eine Stunde nur f\u00fcr dich vor und du kannst dich in einem gesch\u00fctzten Rahmen mit mir an deiner Seite ausprobieren. <\/p>\n\n\n\n<h2 class=\"wp-block-heading\">Investition<\/h2>\n\n\n\n<p>60 Minuten: 60\u20ac, erm\u00e4\u00dfigt 54\u20ac (inkl. Vor- und Nachgespr\u00e4ch)<br>75 Minuten: 75\u20ac, erm\u00e4\u00dfigt 67\u20ac (inkl. Vor- und Nachgespr\u00e4ch)<br>90 Minuten: 90\u20ac, erm\u00e4\u00dfigt 81\u20ac (inkl. Vor- und Nachgespr\u00e4ch)<\/p>\n\n\n\n<p>Wenn du gleich mehrere Termine buchen m\u00f6chtest bekommst du eine Erm\u00e4\u00dfigung von 10% auf den Gesamtpreis. <\/p>\n","protected":false},"excerpt":{"rendered":"<p>M\u00f6chtest du deine Yogapraxis vertiefen und eine ganz individuell auf dich abgestimmte Yogastunde genie\u00dfen? Dann ist eine Einzelstunde genau das Richtige f\u00fcr dich!Gemeinsam erarbeiten wir in einem kurzen Vorgespr\u00e4ch was du erreichen m\u00f6chtest, was dir wichtig ist und ob du vielleicht bestimmte Beschwerden oder Bereiche die ein bisschen Liebe brauchen hast. Ich bereite dann eine &hellip; <\/p>\n","protected":false},"author":1,"featured_media":67,"parent":0,"menu_order":0,"comment_status":"closed","ping_status":"closed","template":"","meta":{"footnotes":""},"class_list":["post-88","page","type-page","status-publish","has-post-thumbnail","hentry"],"_links":{"self":[{"href":"https:\/\/awakenedheartyoga.de\/index.php?rest_route=\/wp\/v2\/pages\/88","targetHints":{"allow":["GET"]}}],"collection":[{"href":"https:\/\/awakenedheartyoga.de\/index.php?rest_route=\/wp\/v2\/pages"}],"about":[{"href":"https:\/\/awakenedheartyoga.de\/index.php?rest_route=\/wp\/v2\/types\/page"}],"author":[{"embeddable":true,"href":"https:\/\/awakenedheartyoga.de\/index.php?rest_route=\/wp\/v2\/users\/1"}],"replies":[{"embeddable":true,"href":"https:\/\/awakenedheartyoga.de\/index.php?rest_route=%2Fwp%2Fv2%2Fcomments&post=88"}],"version-history":[{"count":1,"href":"https:\/\/awakenedheartyoga.de\/index.php?rest_route=\/wp\/v2\/pages\/88\/revisions"}],"predecessor-version":[{"id":89,"href":"https:\/\/awakenedheartyoga.de\/index.php?rest_route=\/wp\/v2\/pages\/88\/revisions\/89"}],"wp:featuredmedia":[{"embeddable":true,"href":"https:\/\/awakenedheartyoga.de\/index.php?rest_route=\/wp\/v2\/media\/67"}],"wp:attachment":[{"href":"https:\/\/awakenedheartyoga.de\/index.php?rest_route=%2Fwp%2Fv2%2Fmedia&parent=88"}],"curies":[{"name":"wp","href":"https:\/\/api.w.org\/{rel}","templated":true}]}}