{"id":86,"date":"2021-06-24T13:53:01","date_gmt":"2021-06-24T11:53:01","guid":{"rendered":"https:\/\/awakenedheartyoga.de\/?page_id=86"},"modified":"2026-04-14T20:37:31","modified_gmt":"2026-04-14T18:37:31","slug":"yogakurse","status":"publish","type":"page","link":"https:\/\/awakenedheartyoga.de\/?page_id=86","title":{"rendered":"Yogakurse"},"content":{"rendered":"\n<p>Ich biete verschiedene Kurse an und freue mich riesig, wenn du teilnehmen m\u00f6chtest. Die Anmeldung erfolgt per Mail an maria.awakenedheartyoga@gmail.com<\/p>\n\n\n\n<p><strong>Yogakurse f\u00fcr Schwangere <\/strong><br><br>voraussichtlich ab Mitte Mai in Hahnst\u00e4tten<br>Jeweils 6 Termine, immer mittwochs von 19:00 bis 20:30 Uhr<br>Investition 100\u20ac<\/p>\n\n\n\n<p><strong>Pyjama-Yoga<\/strong><\/p>\n\n\n\n<p>04. Mai &#8211; 01. Juni 2026 (kein Kurs an Pfingstmontag, 25. Mai)<br>4 Termine, immer montags von 20:00 bis 20:45 Uhr<br>Der Kurs findet online via Zoom statt und die Aufzeichnungen jeder Stunde werden zur Verf\u00fcgung gestellt<br>Investition 40\u20ac<\/p>\n\n\n\n<p><br><\/p>\n\n\n\n<p><br><\/p>\n","protected":false},"excerpt":{"rendered":"<p>Ich biete verschiedene Kurse an und freue mich riesig, wenn du teilnehmen m\u00f6chtest. Die Anmeldung erfolgt per Mail an maria.awakenedheartyoga@gmail.com Yogakurse f\u00fcr Schwangere voraussichtlich ab Mitte Mai in Hahnst\u00e4ttenJeweils 6 Termine, immer mittwochs von 19:00 bis 20:30 UhrInvestition 100\u20ac Pyjama-Yoga 04. Mai &#8211; 01. Juni 2026 (kein Kurs an Pfingstmontag, 25. Mai)4 Termine, immer montags &hellip; <\/p>\n","protected":false},"author":1,"featured_media":25,"parent":0,"menu_order":0,"comment_status":"closed","ping_status":"closed","template":"","meta":{"footnotes":""},"class_list":["post-86","page","type-page","status-publish","has-post-thumbnail","hentry"],"_links":{"self":[{"href":"https:\/\/awakenedheartyoga.de\/index.php?rest_route=\/wp\/v2\/pages\/86","targetHints":{"allow":["GET"]}}],"collection":[{"href":"https:\/\/awakenedheartyoga.de\/index.php?rest_route=\/wp\/v2\/pages"}],"about":[{"href":"https:\/\/awakenedheartyoga.de\/index.php?rest_route=\/wp\/v2\/types\/page"}],"author":[{"embeddable":true,"href":"https:\/\/awakenedheartyoga.de\/index.php?rest_route=\/wp\/v2\/users\/1"}],"replies":[{"embeddable":true,"href":"https:\/\/awakenedheartyoga.de\/index.php?rest_route=%2Fwp%2Fv2%2Fcomments&post=86"}],"version-history":[{"count":8,"href":"https:\/\/awakenedheartyoga.de\/index.php?rest_route=\/wp\/v2\/pages\/86\/revisions"}],"predecessor-version":[{"id":190,"href":"https:\/\/awakenedheartyoga.de\/index.php?rest_route=\/wp\/v2\/pages\/86\/revisions\/190"}],"wp:featuredmedia":[{"embeddable":true,"href":"https:\/\/awakenedheartyoga.de\/index.php?rest_route=\/wp\/v2\/media\/25"}],"wp:attachment":[{"href":"https:\/\/awakenedheartyoga.de\/index.php?rest_route=%2Fwp%2Fv2%2Fmedia&parent=86"}],"curies":[{"name":"wp","href":"https:\/\/api.w.org\/{rel}","templated":true}]}}